{"id":1071,"date":"2023-03-22T20:07:55","date_gmt":"2023-03-22T19:07:55","guid":{"rendered":"https:\/\/www.aab-bry94.com\/?page_id=1071"},"modified":"2024-05-01T17:55:41","modified_gmt":"2024-05-01T15:55:41","slug":"le-18eme-salon","status":"publish","type":"page","link":"https:\/\/www.aab-bry94.com\/index.php\/le-18eme-salon\/","title":{"rendered":"18\u00e8me salon 2023"},"content":{"rendered":"\n<figure class=\"wp-block-image size-full is-resized\"><img loading=\"lazy\" decoding=\"async\" src=\"https:\/\/www.aab-bry94.com\/wp-content\/uploads\/2023\/03\/19-03-2023-AAB-vernissage-99-1.jpg\" alt=\"\" class=\"wp-image-1060\" width=\"416\" height=\"277\"\/><figcaption class=\"wp-element-caption\">Les Laur\u00e9ats 2023<\/figcaption><\/figure>\n\n\n\n<p><strong>Prix 18\u00e8me Salon des Artistes Bryards <\/strong><\/p>\n\n\n\n<p>                                     <strong>Artiste                   Nom de l&rsquo;Oeuvre <\/strong><\/p>\n\n\n\n<p><strong>Prix de la Ville<\/strong> <strong>de Bry&nbsp;<\/strong>            <strong> Odile MEL <\/strong>               C\u00f4t\u00e9 Dunes <\/p>\n\n\n\n<p><strong>Prix BOESNER<\/strong> <\/p>\n\n\n\n<p>               &#8211; Photo                     <strong>Michel PELTIER<\/strong>&nbsp;       Accastillage<\/p>\n\n\n\n<p>                &#8211; Peinture                <strong>Nan-Young CHO<\/strong>      L&rsquo;Attente <\/p>\n\n\n\n<p>                &#8211; Sculpture              <strong>Jorge DUARTE<\/strong>          Le P\u00eacheur&nbsp; <\/p>\n\n\n\n<p><strong>Prix du jury AAB<\/strong> <\/p>\n\n\n\n<p>                 &#8211; Photo                  <strong>Romuald AVET<\/strong>         Drakkar <\/p>\n\n\n\n<p>                 &#8211; Peinture              <strong>Leslie VALADE<\/strong>          Farah <\/p>\n\n\n\n<p>                 &#8211; Sculpture            <strong>Jorge DUARTE<\/strong>          Le Cerceau<\/p>\n\n\n\n<p>Toutes nos f\u00e9licitations aux heureux b\u00e9n\u00e9ficiaires <\/p>\n\n\n\n<p><\/p>\n\n\n\n<p><\/p>\n\n\n\n<figure class=\"wp-block-gallery has-nested-images columns-default is-cropped wp-block-gallery-1 is-layout-flex wp-block-gallery-is-layout-flex\">\n<figure class=\"wp-block-image size-large\"><img loading=\"lazy\" decoding=\"async\" width=\"720\" height=\"480\" data-id=\"1415\" src=\"https:\/\/www.aab-bry94.com\/wp-content\/uploads\/2024\/02\/IMG-20230322-WA0014.jpg\" alt=\"\" class=\"wp-image-1415\" srcset=\"https:\/\/www.aab-bry94.com\/wp-content\/uploads\/2024\/02\/IMG-20230322-WA0014.jpg 720w, https:\/\/www.aab-bry94.com\/wp-content\/uploads\/2024\/02\/IMG-20230322-WA0014-300x200.jpg 300w\" sizes=\"auto, (max-width: 720px) 100vw, 720px\" \/><\/figure>\n\n\n\n<figure class=\"wp-block-image size-large\"><img loading=\"lazy\" decoding=\"async\" width=\"720\" height=\"540\" data-id=\"1413\" src=\"https:\/\/www.aab-bry94.com\/wp-content\/uploads\/2024\/02\/IMG-20230318-WA0009.jpg\" alt=\"\" class=\"wp-image-1413\" srcset=\"https:\/\/www.aab-bry94.com\/wp-content\/uploads\/2024\/02\/IMG-20230318-WA0009.jpg 720w, https:\/\/www.aab-bry94.com\/wp-content\/uploads\/2024\/02\/IMG-20230318-WA0009-300x225.jpg 300w\" sizes=\"auto, (max-width: 720px) 100vw, 720px\" \/><\/figure>\n\n\n\n<figure class=\"wp-block-image size-large\"><img loading=\"lazy\" decoding=\"async\" width=\"720\" height=\"480\" data-id=\"1414\" src=\"https:\/\/www.aab-bry94.com\/wp-content\/uploads\/2024\/02\/IMG-20230322-WA0012.jpg\" alt=\"\" class=\"wp-image-1414\" srcset=\"https:\/\/www.aab-bry94.com\/wp-content\/uploads\/2024\/02\/IMG-20230322-WA0012.jpg 720w, https:\/\/www.aab-bry94.com\/wp-content\/uploads\/2024\/02\/IMG-20230322-WA0012-300x200.jpg 300w\" sizes=\"auto, (max-width: 720px) 100vw, 720px\" \/><\/figure>\n\n\n\n<figure class=\"wp-block-image size-large\"><img loading=\"lazy\" decoding=\"async\" width=\"720\" height=\"540\" data-id=\"1411\" src=\"https:\/\/www.aab-bry94.com\/wp-content\/uploads\/2024\/02\/IMG-20230318-WA0001.jpg\" alt=\"\" class=\"wp-image-1411\" srcset=\"https:\/\/www.aab-bry94.com\/wp-content\/uploads\/2024\/02\/IMG-20230318-WA0001.jpg 720w, https:\/\/www.aab-bry94.com\/wp-content\/uploads\/2024\/02\/IMG-20230318-WA0001-300x225.jpg 300w\" sizes=\"auto, (max-width: 720px) 100vw, 720px\" \/><\/figure>\n\n\n\n<figure class=\"wp-block-image size-large\"><img loading=\"lazy\" decoding=\"async\" width=\"647\" height=\"1024\" data-id=\"1412\" src=\"https:\/\/www.aab-bry94.com\/wp-content\/uploads\/2024\/02\/IMG-20230318-WA0005-647x1024.jpg\" alt=\"\" class=\"wp-image-1412\" srcset=\"https:\/\/www.aab-bry94.com\/wp-content\/uploads\/2024\/02\/IMG-20230318-WA0005-647x1024.jpg 647w, https:\/\/www.aab-bry94.com\/wp-content\/uploads\/2024\/02\/IMG-20230318-WA0005-189x300.jpg 189w, https:\/\/www.aab-bry94.com\/wp-content\/uploads\/2024\/02\/IMG-20230318-WA0005.jpg 720w\" sizes=\"auto, (max-width: 647px) 100vw, 647px\" \/><\/figure>\n\n\n\n<figure class=\"wp-block-image size-large\"><img loading=\"lazy\" decoding=\"async\" width=\"720\" height=\"540\" data-id=\"1410\" src=\"https:\/\/www.aab-bry94.com\/wp-content\/uploads\/2024\/02\/IMG-20230318-WA0000.jpg\" alt=\"\" class=\"wp-image-1410\" srcset=\"https:\/\/www.aab-bry94.com\/wp-content\/uploads\/2024\/02\/IMG-20230318-WA0000.jpg 720w, https:\/\/www.aab-bry94.com\/wp-content\/uploads\/2024\/02\/IMG-20230318-WA0000-300x225.jpg 300w\" sizes=\"auto, (max-width: 720px) 100vw, 720px\" \/><\/figure>\n\n\n\n<figure class=\"wp-block-image size-large\"><img loading=\"lazy\" decoding=\"async\" width=\"1024\" height=\"461\" data-id=\"1409\" src=\"https:\/\/www.aab-bry94.com\/wp-content\/uploads\/2024\/02\/20230317_174651-1024x461.jpg\" alt=\"\" class=\"wp-image-1409\" srcset=\"https:\/\/www.aab-bry94.com\/wp-content\/uploads\/2024\/02\/20230317_174651-1024x461.jpg 1024w, https:\/\/www.aab-bry94.com\/wp-content\/uploads\/2024\/02\/20230317_174651-300x135.jpg 300w, https:\/\/www.aab-bry94.com\/wp-content\/uploads\/2024\/02\/20230317_174651-768x346.jpg 768w, https:\/\/www.aab-bry94.com\/wp-content\/uploads\/2024\/02\/20230317_174651-1536x691.jpg 1536w, https:\/\/www.aab-bry94.com\/wp-content\/uploads\/2024\/02\/20230317_174651-2048x922.jpg 2048w\" sizes=\"auto, (max-width: 1024px) 100vw, 1024px\" \/><\/figure>\n\n\n\n<figure class=\"wp-block-image size-large\"><img loading=\"lazy\" decoding=\"async\" width=\"1024\" height=\"461\" data-id=\"1408\" src=\"https:\/\/www.aab-bry94.com\/wp-content\/uploads\/2024\/02\/20230317_174630-1024x461.jpg\" alt=\"\" class=\"wp-image-1408\" srcset=\"https:\/\/www.aab-bry94.com\/wp-content\/uploads\/2024\/02\/20230317_174630-1024x461.jpg 1024w, https:\/\/www.aab-bry94.com\/wp-content\/uploads\/2024\/02\/20230317_174630-300x135.jpg 300w, https:\/\/www.aab-bry94.com\/wp-content\/uploads\/2024\/02\/20230317_174630-768x346.jpg 768w, https:\/\/www.aab-bry94.com\/wp-content\/uploads\/2024\/02\/20230317_174630-1536x691.jpg 1536w, https:\/\/www.aab-bry94.com\/wp-content\/uploads\/2024\/02\/20230317_174630-2048x922.jpg 2048w\" sizes=\"auto, (max-width: 1024px) 100vw, 1024px\" \/><\/figure>\n\n\n\n<figure class=\"wp-block-image size-large\"><img decoding=\"async\" data-id=\"1407\" src=\"https:\/\/www.aab-bry94.com\/wp-content\/uploads\/2024\/02\/19-03-2023-AAB-vernissage-96.jpg\" alt=\"\" class=\"wp-image-1407\"\/><\/figure>\n\n\n\n<figure class=\"wp-block-image size-large\"><img decoding=\"async\" data-id=\"1406\" src=\"https:\/\/www.aab-bry94.com\/wp-content\/uploads\/2024\/02\/19-03-2023-AAB-vernissage-95.jpg\" alt=\"\" class=\"wp-image-1406\"\/><\/figure>\n\n\n\n<figure class=\"wp-block-image size-large\"><img decoding=\"async\" data-id=\"1405\" src=\"https:\/\/www.aab-bry94.com\/wp-content\/uploads\/2024\/02\/19-03-2023-AAB-vernissage-94.jpg\" alt=\"\" class=\"wp-image-1405\"\/><\/figure>\n\n\n\n<figure class=\"wp-block-image size-large\"><img decoding=\"async\" data-id=\"1404\" src=\"https:\/\/www.aab-bry94.com\/wp-content\/uploads\/2024\/02\/19-03-2023-AAB-vernissage-90.jpg\" alt=\"\" class=\"wp-image-1404\"\/><\/figure>\n\n\n\n<figure class=\"wp-block-image size-large\"><img decoding=\"async\" data-id=\"1401\" src=\"https:\/\/www.aab-bry94.com\/wp-content\/uploads\/2024\/02\/19-03-2023-AAB-vernissage-73.jpg\" alt=\"\" class=\"wp-image-1401\"\/><\/figure>\n\n\n\n<figure class=\"wp-block-image size-large\"><img decoding=\"async\" data-id=\"1402\" src=\"https:\/\/www.aab-bry94.com\/wp-content\/uploads\/2024\/02\/19-03-2023-AAB-vernissage-77.jpg\" alt=\"\" class=\"wp-image-1402\"\/><\/figure>\n\n\n\n<figure class=\"wp-block-image size-large\"><img decoding=\"async\" data-id=\"1403\" src=\"https:\/\/www.aab-bry94.com\/wp-content\/uploads\/2024\/02\/19-03-2023-AAB-vernissage-88.jpg\" alt=\"\" class=\"wp-image-1403\"\/><\/figure>\n<\/figure>\n","protected":false},"excerpt":{"rendered":"<p>Prix 18\u00e8me Salon des Artistes Bryards Artiste Nom de l&rsquo;Oeuvre Prix de la Ville de Bry&nbsp; Odile MEL C\u00f4t\u00e9 Dunes Prix BOESNER &#8211; Photo Michel PELTIER&nbsp; Accastillage &#8211; Peinture Nan-Young CHO L&rsquo;Attente &#8211; Sculpture Jorge DUARTE Le P\u00eacheur&nbsp; Prix du jury AAB &#8211; Photo Romuald AVET Drakkar &#8211; Peinture Leslie VALADE Farah &#8211; Sculpture Jorge [&hellip;]<\/p>\n","protected":false},"author":2,"featured_media":0,"parent":0,"menu_order":0,"comment_status":"closed","ping_status":"closed","template":"","meta":{"footnotes":""},"class_list":["post-1071","page","type-page","status-publish","hentry"],"_links":{"self":[{"href":"https:\/\/www.aab-bry94.com\/index.php\/wp-json\/wp\/v2\/pages\/1071","targetHints":{"allow":["GET"]}}],"collection":[{"href":"https:\/\/www.aab-bry94.com\/index.php\/wp-json\/wp\/v2\/pages"}],"about":[{"href":"https:\/\/www.aab-bry94.com\/index.php\/wp-json\/wp\/v2\/types\/page"}],"author":[{"embeddable":true,"href":"https:\/\/www.aab-bry94.com\/index.php\/wp-json\/wp\/v2\/users\/2"}],"replies":[{"embeddable":true,"href":"https:\/\/www.aab-bry94.com\/index.php\/wp-json\/wp\/v2\/comments?post=1071"}],"version-history":[{"count":7,"href":"https:\/\/www.aab-bry94.com\/index.php\/wp-json\/wp\/v2\/pages\/1071\/revisions"}],"predecessor-version":[{"id":1611,"href":"https:\/\/www.aab-bry94.com\/index.php\/wp-json\/wp\/v2\/pages\/1071\/revisions\/1611"}],"wp:attachment":[{"href":"https:\/\/www.aab-bry94.com\/index.php\/wp-json\/wp\/v2\/media?parent=1071"}],"curies":[{"name":"wp","href":"https:\/\/api.w.org\/{rel}","templated":true}]}}