{"id":1703,"date":"2024-05-16T15:05:27","date_gmt":"2024-05-16T13:05:27","guid":{"rendered":"https:\/\/www.aab-bry94.com\/?page_id=1703"},"modified":"2025-11-29T11:42:01","modified_gmt":"2025-11-29T10:42:01","slug":"qui-sommes-nous-lequipe","status":"publish","type":"page","link":"https:\/\/www.aab-bry94.com\/index.php\/qui-sommes-nous-lequipe\/","title":{"rendered":"Qui sommes- nous? L&rsquo;\u00e9quipe"},"content":{"rendered":"\n<p><\/p>\n\n\n\n<figure class=\"wp-block-image size-full\"><img loading=\"lazy\" decoding=\"async\" width=\"113\" height=\"167\" src=\"https:\/\/www.aab-bry94.com\/wp-content\/uploads\/2024\/06\/IMG-20230322-WA0018-H-Chalendard.jpg\" alt=\"\" class=\"wp-image-1860\"\/><\/figure>\n\n\n\n<p><strong>Herv\u00e9 CHALENDARD &#8211; Pr\u00e9sident<\/strong><\/p>\n\n\n\n<p><\/p>\n\n\n\n<figure class=\"wp-block-image size-large is-resized\"><img loading=\"lazy\" decoding=\"async\" width=\"757\" height=\"1024\" src=\"https:\/\/www.aab-bry94.com\/wp-content\/uploads\/2024\/09\/IMG-20240712-WA0004-757x1024.jpg\" alt=\"\" class=\"wp-image-1882\" style=\"width:119px;height:auto\" srcset=\"https:\/\/www.aab-bry94.com\/wp-content\/uploads\/2024\/09\/IMG-20240712-WA0004-757x1024.jpg 757w, https:\/\/www.aab-bry94.com\/wp-content\/uploads\/2024\/09\/IMG-20240712-WA0004-222x300.jpg 222w, https:\/\/www.aab-bry94.com\/wp-content\/uploads\/2024\/09\/IMG-20240712-WA0004-768x1039.jpg 768w, https:\/\/www.aab-bry94.com\/wp-content\/uploads\/2024\/09\/IMG-20240712-WA0004-1136x1536.jpg 1136w, https:\/\/www.aab-bry94.com\/wp-content\/uploads\/2024\/09\/IMG-20240712-WA0004.jpg 1183w\" sizes=\"auto, (max-width: 757px) 100vw, 757px\" \/><\/figure>\n\n\n\n<p><strong>Serge AUDEBERT &#8211; Vice-Pr\u00e9sident<\/strong><\/p>\n\n\n\n<p><\/p>\n\n\n\n<figure class=\"wp-block-image size-full is-resized\"><img loading=\"lazy\" decoding=\"async\" width=\"498\" height=\"577\" src=\"https:\/\/www.aab-bry94.com\/wp-content\/uploads\/2024\/05\/Photo-Christophe-Caderon.jpg\" alt=\"\" class=\"wp-image-1747\" style=\"width:114px;height:auto\" srcset=\"https:\/\/www.aab-bry94.com\/wp-content\/uploads\/2024\/05\/Photo-Christophe-Caderon.jpg 498w, https:\/\/www.aab-bry94.com\/wp-content\/uploads\/2024\/05\/Photo-Christophe-Caderon-259x300.jpg 259w\" sizes=\"auto, (max-width: 498px) 100vw, 498px\" \/><\/figure>\n\n\n\n<p><strong>Christophe CADERON &#8211; Vice-Pr\u00e9sident<\/strong><\/p>\n\n\n\n<p><\/p>\n\n\n\n<figure class=\"wp-block-image size-large is-resized\"><img loading=\"lazy\" decoding=\"async\" width=\"701\" height=\"1024\" src=\"https:\/\/www.aab-bry94.com\/wp-content\/uploads\/2025\/02\/Photo-Maryse-701x1024.jpg\" alt=\"\" class=\"wp-image-2083\" style=\"width:107px;height:auto\" srcset=\"https:\/\/www.aab-bry94.com\/wp-content\/uploads\/2025\/02\/Photo-Maryse-701x1024.jpg 701w, https:\/\/www.aab-bry94.com\/wp-content\/uploads\/2025\/02\/Photo-Maryse-205x300.jpg 205w, https:\/\/www.aab-bry94.com\/wp-content\/uploads\/2025\/02\/Photo-Maryse-768x1122.jpg 768w, https:\/\/www.aab-bry94.com\/wp-content\/uploads\/2025\/02\/Photo-Maryse-1052x1536.jpg 1052w, https:\/\/www.aab-bry94.com\/wp-content\/uploads\/2025\/02\/Photo-Maryse-1402x2048.jpg 1402w, https:\/\/www.aab-bry94.com\/wp-content\/uploads\/2025\/02\/Photo-Maryse-scaled.jpg 1753w\" sizes=\"auto, (max-width: 701px) 100vw, 701px\" \/><\/figure>\n\n\n\n<p><strong>Maryse CADERON &#8211; Secr\u00e9taire<\/strong><\/p>\n\n\n\n<p><\/p>\n\n\n\n<figure class=\"wp-block-image size-full is-resized\"><img loading=\"lazy\" decoding=\"async\" width=\"657\" height=\"644\" src=\"https:\/\/www.aab-bry94.com\/wp-content\/uploads\/2024\/09\/photo-Mona-Mazzuconi-2-1.jpg\" alt=\"\" class=\"wp-image-1995\" style=\"width:110px;height:auto\" srcset=\"https:\/\/www.aab-bry94.com\/wp-content\/uploads\/2024\/09\/photo-Mona-Mazzuconi-2-1.jpg 657w, https:\/\/www.aab-bry94.com\/wp-content\/uploads\/2024\/09\/photo-Mona-Mazzuconi-2-1-300x294.jpg 300w\" sizes=\"auto, (max-width: 657px) 100vw, 657px\" \/><\/figure>\n\n\n\n<p><strong>Mona MAZZUCCONI &#8211; Secr\u00e9taire adjointe<\/strong><\/p>\n\n\n\n<p><\/p>\n\n\n\n<figure class=\"wp-block-image size-full is-resized\"><img loading=\"lazy\" decoding=\"async\" width=\"488\" height=\"788\" src=\"https:\/\/www.aab-bry94.com\/wp-content\/uploads\/2024\/09\/IMG_20210408_205946.jpg\" alt=\"\" class=\"wp-image-1885\" style=\"width:102px;height:auto\" srcset=\"https:\/\/www.aab-bry94.com\/wp-content\/uploads\/2024\/09\/IMG_20210408_205946.jpg 488w, https:\/\/www.aab-bry94.com\/wp-content\/uploads\/2024\/09\/IMG_20210408_205946-186x300.jpg 186w\" sizes=\"auto, (max-width: 488px) 100vw, 488px\" \/><\/figure>\n\n\n\n<p><strong>S\u00e9bastien CATALDI &#8211; Tr\u00e9sorier<\/strong><\/p>\n\n\n\n<p><\/p>\n\n\n\n<figure class=\"wp-block-image size-large is-resized\"><img loading=\"lazy\" decoding=\"async\" width=\"751\" height=\"1024\" src=\"https:\/\/www.aab-bry94.com\/wp-content\/uploads\/2024\/05\/20240521_114845-751x1024.jpg\" alt=\"\" class=\"wp-image-1756\" style=\"width:107px;height:auto\" srcset=\"https:\/\/www.aab-bry94.com\/wp-content\/uploads\/2024\/05\/20240521_114845-751x1024.jpg 751w, https:\/\/www.aab-bry94.com\/wp-content\/uploads\/2024\/05\/20240521_114845-220x300.jpg 220w, https:\/\/www.aab-bry94.com\/wp-content\/uploads\/2024\/05\/20240521_114845-768x1047.jpg 768w, https:\/\/www.aab-bry94.com\/wp-content\/uploads\/2024\/05\/20240521_114845-1127x1536.jpg 1127w, https:\/\/www.aab-bry94.com\/wp-content\/uploads\/2024\/05\/20240521_114845-1502x2048.jpg 1502w, https:\/\/www.aab-bry94.com\/wp-content\/uploads\/2024\/05\/20240521_114845.jpg 1578w\" sizes=\"auto, (max-width: 751px) 100vw, 751px\" \/><\/figure>\n\n\n\n<p><strong>Dominique CAZABEIL &#8211; Coordinatrice Art Hors Les Murs<\/strong><\/p>\n\n\n\n<p><strong>Anne TANO &#8211; Art Hors Les Murs<\/strong><\/p>\n\n\n\n<p><\/p>\n\n\n\n<figure class=\"wp-block-image size-full is-resized\"><img loading=\"lazy\" decoding=\"async\" width=\"156\" height=\"185\" src=\"https:\/\/www.aab-bry94.com\/wp-content\/uploads\/2024\/06\/FB_IMG_1718210865859.jpg\" alt=\"\" class=\"wp-image-1855\" style=\"width:119px;height:auto\"\/><\/figure>\n\n\n\n<p><strong>Michel PELTIER &#8211; Parcours P\u00e9dagogiqu<\/strong>e<\/p>\n\n\n\n<p><\/p>\n\n\n\n<figure class=\"wp-block-image size-full is-resized\"><img loading=\"lazy\" decoding=\"async\" width=\"720\" height=\"718\" src=\"https:\/\/www.aab-bry94.com\/wp-content\/uploads\/2025\/11\/8726990774681637966.jpg\" alt=\"\" class=\"wp-image-2282\" style=\"width:122px;height:auto\" srcset=\"https:\/\/www.aab-bry94.com\/wp-content\/uploads\/2025\/11\/8726990774681637966.jpg 720w, https:\/\/www.aab-bry94.com\/wp-content\/uploads\/2025\/11\/8726990774681637966-300x300.jpg 300w, https:\/\/www.aab-bry94.com\/wp-content\/uploads\/2025\/11\/8726990774681637966-150x150.jpg 150w\" sizes=\"auto, (max-width: 720px) 100vw, 720px\" \/><\/figure>\n\n\n\n<p><strong>Annie VISCO<\/strong> <\/p>\n\n\n\n<p><\/p>\n","protected":false},"excerpt":{"rendered":"<p>Herv\u00e9 CHALENDARD &#8211; Pr\u00e9sident Serge AUDEBERT &#8211; Vice-Pr\u00e9sident Christophe CADERON &#8211; Vice-Pr\u00e9sident Maryse CADERON &#8211; Secr\u00e9taire Mona MAZZUCCONI &#8211; Secr\u00e9taire adjointe S\u00e9bastien CATALDI &#8211; Tr\u00e9sorier Dominique CAZABEIL &#8211; Coordinatrice Art Hors Les Murs Anne TANO &#8211; Art Hors Les Murs Michel PELTIER &#8211; Parcours P\u00e9dagogique Annie VISCO<\/p>\n","protected":false},"author":2,"featured_media":0,"parent":0,"menu_order":0,"comment_status":"closed","ping_status":"closed","template":"","meta":{"footnotes":""},"class_list":["post-1703","page","type-page","status-publish","hentry"],"_links":{"self":[{"href":"https:\/\/www.aab-bry94.com\/index.php\/wp-json\/wp\/v2\/pages\/1703","targetHints":{"allow":["GET"]}}],"collection":[{"href":"https:\/\/www.aab-bry94.com\/index.php\/wp-json\/wp\/v2\/pages"}],"about":[{"href":"https:\/\/www.aab-bry94.com\/index.php\/wp-json\/wp\/v2\/types\/page"}],"author":[{"embeddable":true,"href":"https:\/\/www.aab-bry94.com\/index.php\/wp-json\/wp\/v2\/users\/2"}],"replies":[{"embeddable":true,"href":"https:\/\/www.aab-bry94.com\/index.php\/wp-json\/wp\/v2\/comments?post=1703"}],"version-history":[{"count":24,"href":"https:\/\/www.aab-bry94.com\/index.php\/wp-json\/wp\/v2\/pages\/1703\/revisions"}],"predecessor-version":[{"id":2284,"href":"https:\/\/www.aab-bry94.com\/index.php\/wp-json\/wp\/v2\/pages\/1703\/revisions\/2284"}],"wp:attachment":[{"href":"https:\/\/www.aab-bry94.com\/index.php\/wp-json\/wp\/v2\/media?parent=1703"}],"curies":[{"name":"wp","href":"https:\/\/api.w.org\/{rel}","templated":true}]}}