{"id":2252,"date":"2025-11-29T10:18:57","date_gmt":"2025-11-29T09:18:57","guid":{"rendered":"https:\/\/www.aab-bry94.com\/?page_id=2252"},"modified":"2026-01-30T10:17:39","modified_gmt":"2026-01-30T09:17:39","slug":"lart-au-labo","status":"publish","type":"page","link":"https:\/\/www.aab-bry94.com\/index.php\/lart-au-labo\/","title":{"rendered":"L&rsquo;Art au Labo"},"content":{"rendered":"\n<p>Un nouveau partenariat vient de voir le jour entre l\u2019<strong>Association des Artistes Bryards <\/strong>et le <strong>Laboratoire de biologie m\u00e9dicale <\/strong>(situ\u00e9 53 Bd Gallieni \u00e0 Bry-sur-Marne \u00e0 proximit\u00e9 du RER) pour l&rsquo;exposition et la pr\u00e9sentation d&rsquo;oeuvres artistiques.  Les modalit\u00e9s de mise en oeuvres sont un peu diff\u00e9rentes de celles de l&rsquo;Art Hors les Murs et font l&rsquo;objet d&rsquo;une information sp\u00e9cifique.<\/p>\n\n\n\n<p>Vous trouverez ci-joints: <\/p>\n\n\n\n<ul class=\"wp-block-list\">\n<li>Un document d&rsquo;information sp\u00e9cifique d\u00e9taillant la proc\u00e9dure \u00e0 suivre,<\/li>\n<\/ul>\n\n\n\n<ul class=\"wp-block-list\">\n<li> Une fiche de d\u00e9p\u00f4t des oeuvres, v\u00e9ritable document juridique, qui devra \u00eatre renseign\u00e9e en trois exemplaires, <\/li>\n<\/ul>\n\n\n\n<p>Pour participer \u00e0 l\u2019action \u00ab&nbsp;<strong>L\u2019Art au Labo<\/strong>&nbsp;\u00bb il est imp\u00e9ratif d\u2019\u00eatre adh\u00e9rent \u00e0 <strong>l\u2019Association des Artistes Bryards<\/strong>. Vous devez cocher la case correspondante \u00ab&nbsp;<strong>L\u2019Art au Labo<\/strong>&nbsp;\u00bb du <strong>Bulletin d\u2019adh\u00e9sion<\/strong> de la saison en cours. <\/p>\n\n\n\n<p>Dominique Cazabeil<\/p>\n\n\n\n<p>Responsable de l\u2019action \u00ab&nbsp;<strong>l\u2019Art au Labo<\/strong>&nbsp;\u00bb<\/p>\n\n\n\n<p><\/p>\n\n\n\n<div data-wp-interactive=\"core\/file\" class=\"wp-block-file\"><object data-wp-bind--hidden=\"!state.hasPdfPreview\" hidden class=\"wp-block-file__embed\" data=\"https:\/\/www.aab-bry94.com\/wp-content\/uploads\/2026\/01\/AAB-Art-au-Labo-informations-generales.pdf\" type=\"application\/pdf\" style=\"width:100%;height:600px\" aria-label=\"Contenu embarqu\u00e9 AAB Art au Labo informations g\u00e9n\u00e9rales.\"><\/object><a id=\"wp-block-file--media-d007638a-0065-4b58-baa5-dc575be34309\" href=\"https:\/\/www.aab-bry94.com\/wp-content\/uploads\/2026\/01\/AAB-Art-au-Labo-informations-generales.pdf\">AAB Art au Labo informations g\u00e9n\u00e9rales<\/a><a href=\"https:\/\/www.aab-bry94.com\/wp-content\/uploads\/2026\/01\/AAB-Art-au-Labo-informations-generales.pdf\" class=\"wp-block-file__button wp-element-button\" download aria-describedby=\"wp-block-file--media-d007638a-0065-4b58-baa5-dc575be34309\">T\u00e9l\u00e9charger<\/a><\/div>\n\n\n\n<div data-wp-interactive=\"core\/file\" class=\"wp-block-file\"><object data-wp-bind--hidden=\"!state.hasPdfPreview\" hidden class=\"wp-block-file__embed\" data=\"https:\/\/www.aab-bry94.com\/wp-content\/uploads\/2026\/01\/AAB-Art-au-Labo-fiche-de-depot-des-oeuvres.pdf\" type=\"application\/pdf\" style=\"width:100%;height:600px\" aria-label=\"Contenu embarqu\u00e9 AAB Art au Labo fiche de d\u00e9p\u00f4t des oeuvres.\"><\/object><a id=\"wp-block-file--media-c1074721-6028-4737-8269-73a5f56b1cd1\" href=\"https:\/\/www.aab-bry94.com\/wp-content\/uploads\/2026\/01\/AAB-Art-au-Labo-fiche-de-depot-des-oeuvres.pdf\">AAB Art au Labo fiche de d\u00e9p\u00f4t des oeuvres<\/a><a href=\"https:\/\/www.aab-bry94.com\/wp-content\/uploads\/2026\/01\/AAB-Art-au-Labo-fiche-de-depot-des-oeuvres.pdf\" class=\"wp-block-file__button wp-element-button\" download aria-describedby=\"wp-block-file--media-c1074721-6028-4737-8269-73a5f56b1cd1\">T\u00e9l\u00e9charger<\/a><\/div>\n","protected":false},"excerpt":{"rendered":"<p>Un nouveau partenariat vient de voir le jour entre l\u2019Association des Artistes Bryards et le Laboratoire de biologie m\u00e9dicale (situ\u00e9 53 Bd Gallieni \u00e0 Bry-sur-Marne \u00e0 proximit\u00e9 du RER) pour l&rsquo;exposition et la pr\u00e9sentation d&rsquo;oeuvres artistiques. Les modalit\u00e9s de mise en oeuvres sont un peu diff\u00e9rentes de celles de l&rsquo;Art Hors les Murs et font [&hellip;]<\/p>\n","protected":false},"author":2,"featured_media":0,"parent":0,"menu_order":0,"comment_status":"closed","ping_status":"closed","template":"","meta":{"footnotes":""},"class_list":["post-2252","page","type-page","status-publish","hentry"],"_links":{"self":[{"href":"https:\/\/www.aab-bry94.com\/index.php\/wp-json\/wp\/v2\/pages\/2252","targetHints":{"allow":["GET"]}}],"collection":[{"href":"https:\/\/www.aab-bry94.com\/index.php\/wp-json\/wp\/v2\/pages"}],"about":[{"href":"https:\/\/www.aab-bry94.com\/index.php\/wp-json\/wp\/v2\/types\/page"}],"author":[{"embeddable":true,"href":"https:\/\/www.aab-bry94.com\/index.php\/wp-json\/wp\/v2\/users\/2"}],"replies":[{"embeddable":true,"href":"https:\/\/www.aab-bry94.com\/index.php\/wp-json\/wp\/v2\/comments?post=2252"}],"version-history":[{"count":6,"href":"https:\/\/www.aab-bry94.com\/index.php\/wp-json\/wp\/v2\/pages\/2252\/revisions"}],"predecessor-version":[{"id":2329,"href":"https:\/\/www.aab-bry94.com\/index.php\/wp-json\/wp\/v2\/pages\/2252\/revisions\/2329"}],"wp:attachment":[{"href":"https:\/\/www.aab-bry94.com\/index.php\/wp-json\/wp\/v2\/media?parent=2252"}],"curies":[{"name":"wp","href":"https:\/\/api.w.org\/{rel}","templated":true}]}}