{"id":2287,"date":"2025-11-30T10:45:46","date_gmt":"2025-11-30T09:45:46","guid":{"rendered":"https:\/\/www.aab-bry94.com\/?page_id=2287"},"modified":"2026-01-07T14:53:50","modified_gmt":"2026-01-07T13:53:50","slug":"partenariat-avec-le-lycee-international-de-lest-parisien-liep","status":"publish","type":"page","link":"https:\/\/www.aab-bry94.com\/index.php\/partenariat-avec-le-lycee-international-de-lest-parisien-liep\/","title":{"rendered":"le Lyc\u00e9e International de l&rsquo;Est Parisien (LIEP)"},"content":{"rendered":"\n<p>Installation des premi\u00e8res photos pour le partenariat avec le LIEP (Lyc\u00e9e International de l\u2019Est Parisien \u2013 Noisy le Grand)<\/p>\n\n\n\n<p><\/p>\n\n\n\n<p><\/p>\n\n\n\n<p>La 1\u00e8re session a d\u00e9but\u00e9 dans les 2 salles de l&rsquo;internat d\u00e9j\u00e0 \u00e9quip\u00e9es. <\/p>\n\n\n\n<p><strong>3 photographes, J\u00e9r\u00e9my SENELIER, Michel PLANSON et Gilles LORENZO ont inaugur\u00e9 ce partenariat en se sont lanc\u00e9s dans l&rsquo;aventure. Leurs oeuvres ont \u00e9t\u00e9 install\u00e9es le 06 janvier 2026.<\/strong><\/p>\n\n\n\n<p>La suite des sessions avec planning th\u00e9orique est disponible ci-dessous.<\/p>\n\n\n\n<p>N&rsquo;h\u00e9sitez pas \u00e0 vous porter candidats pour cette nouvelle exp\u00e9rience \u00ab\u00a0promouvoir les expressions plurielles de l\u2019art visuel\u00a0\u00bb dans les espaces publics de l\u2019internat. Les d\u00e9tails sont disponibles sur la page \u00ab\u00a0LIEP\u00a0\u00bb.<\/p>\n\n\n\n<div class=\"wp-block-file\"><a id=\"wp-block-file--media-e7e7397f-11cb-4fd3-b0a8-853ef381eea4\" href=\"https:\/\/www.aab-bry94.com\/wp-content\/uploads\/2025\/11\/2025-11-27-Planning-theorique-LIEP-AAB-2025-2026.xlsx\">2025 11 27 Planning theorique LIEP AAB 2025 2026<\/a><a href=\"https:\/\/www.aab-bry94.com\/wp-content\/uploads\/2025\/11\/2025-11-27-Planning-theorique-LIEP-AAB-2025-2026.xlsx\" class=\"wp-block-file__button wp-element-button\" download aria-describedby=\"wp-block-file--media-e7e7397f-11cb-4fd3-b0a8-853ef381eea4\">T\u00e9l\u00e9charger<\/a><\/div>\n\n\n\n<p><\/p>\n","protected":false},"excerpt":{"rendered":"<p>Installation des premi\u00e8res photos pour le partenariat avec le LIEP (Lyc\u00e9e International de l\u2019Est Parisien \u2013 Noisy le Grand) La 1\u00e8re session a d\u00e9but\u00e9 dans les 2 salles de l&rsquo;internat d\u00e9j\u00e0 \u00e9quip\u00e9es. 3 photographes, J\u00e9r\u00e9my SENELIER, Michel PLANSON et Gilles LORENZO ont inaugur\u00e9 ce partenariat en se sont lanc\u00e9s dans l&rsquo;aventure. Leurs oeuvres ont \u00e9t\u00e9 [&hellip;]<\/p>\n","protected":false},"author":2,"featured_media":0,"parent":0,"menu_order":0,"comment_status":"closed","ping_status":"closed","template":"","meta":{"footnotes":""},"class_list":["post-2287","page","type-page","status-publish","hentry"],"_links":{"self":[{"href":"https:\/\/www.aab-bry94.com\/index.php\/wp-json\/wp\/v2\/pages\/2287","targetHints":{"allow":["GET"]}}],"collection":[{"href":"https:\/\/www.aab-bry94.com\/index.php\/wp-json\/wp\/v2\/pages"}],"about":[{"href":"https:\/\/www.aab-bry94.com\/index.php\/wp-json\/wp\/v2\/types\/page"}],"author":[{"embeddable":true,"href":"https:\/\/www.aab-bry94.com\/index.php\/wp-json\/wp\/v2\/users\/2"}],"replies":[{"embeddable":true,"href":"https:\/\/www.aab-bry94.com\/index.php\/wp-json\/wp\/v2\/comments?post=2287"}],"version-history":[{"count":8,"href":"https:\/\/www.aab-bry94.com\/index.php\/wp-json\/wp\/v2\/pages\/2287\/revisions"}],"predecessor-version":[{"id":2311,"href":"https:\/\/www.aab-bry94.com\/index.php\/wp-json\/wp\/v2\/pages\/2287\/revisions\/2311"}],"wp:attachment":[{"href":"https:\/\/www.aab-bry94.com\/index.php\/wp-json\/wp\/v2\/media?parent=2287"}],"curies":[{"name":"wp","href":"https:\/\/api.w.org\/{rel}","templated":true}]}}