{"id":798,"date":"2022-05-11T12:15:13","date_gmt":"2022-05-11T10:15:13","guid":{"rendered":"https:\/\/www.new.aab-bry94.com\/?page_id=798"},"modified":"2024-06-11T11:48:53","modified_gmt":"2024-06-11T09:48:53","slug":"nos-sculpteurs-2","status":"publish","type":"page","link":"https:\/\/www.aab-bry94.com\/index.php\/nos-sculpteurs-2\/","title":{"rendered":"Nos Sculpteurs 2023"},"content":{"rendered":"\n<figure class=\"wp-block-image size-full is-resized\"><img loading=\"lazy\" decoding=\"async\" src=\"https:\/\/www.new.aab-bry94.com\/wp-content\/uploads\/2022\/06\/image-1.png\" alt=\"\" class=\"wp-image-828\" width=\"425\" height=\"339\" srcset=\"https:\/\/www.aab-bry94.com\/wp-content\/uploads\/2022\/06\/image-1.png 1024w, https:\/\/www.aab-bry94.com\/wp-content\/uploads\/2022\/06\/image-1-300x240.png 300w, https:\/\/www.aab-bry94.com\/wp-content\/uploads\/2022\/06\/image-1-768x614.png 768w, https:\/\/www.aab-bry94.com\/wp-content\/uploads\/2022\/06\/image-1-676x541.png 676w\" sizes=\"auto, (max-width: 425px) 100vw, 425px\" \/><\/figure>\n\n\n\n<div class=\"wp-block-columns is-layout-flex wp-container-core-columns-is-layout-9d6595d7 wp-block-columns-is-layout-flex\">\n<div class=\"wp-block-column is-layout-flow wp-block-column-is-layout-flow\" style=\"flex-basis:100%\">\n<figure class=\"wp-block-table\"><table><tbody><tr><td>BAYLE<\/td><td>Marie-Ange<\/td><td>&nbsp;<\/td><\/tr><tr><td>DUARTE<\/td><td>Jorge<\/td><td>&nbsp;<\/td><\/tr><tr><td>GABIROT<\/td><td>Jean-Louis<\/td><td>&nbsp;<\/td><\/tr><tr><td>GUEGAN<\/td><td>Marrie Gabrielle<\/td><td><\/td><\/tr><tr><td>HUREL<\/td><td>Marie<\/td><td><\/td><\/tr><tr><td>KARL<\/td><td>Marianne<\/td><td>  <\/td><\/tr><tr><td>LACROIX<\/td><td>V\u00e9ronique<\/td><td>&nbsp;<\/td><\/tr><tr><td>LORTEAU<\/td><td>S\u00e9verine<\/td><td><a href=\"http:\/\/sculpturelibre.free.fr\/\">S\u00e9verine Lorteau &#8211; Sculpture Libre (free.fr)<\/a><\/td><\/tr><tr><td>PIERRE LOTI VIAUD<\/td><td>Jocelyne<\/td><td><a href=\"https:\/\/lotijocelynesculpteur.jimdo.com\/\">http:\/\/lotijocelynesculptire.jimdo.com<\/a><\/td><\/tr><tr><td>PROVOST<\/td><td>R\u00e9mi<\/td><td>&nbsp;<\/td><\/tr><tr><td>TUBIANA<\/td><td>Danielle<\/td><td>&nbsp; <a href=\"https:\/\/nanouart.com\/accueil\/\">ACCUEIL | nanou art<\/a><\/td><\/tr><\/tbody><\/table><\/figure>\n<\/div>\n<\/div>\n\n\n\n<p><\/p>\n\n\n\n<p><\/p>\n\n\n\n<p><\/p>\n","protected":false},"excerpt":{"rendered":"<p>BAYLE Marie-Ange &nbsp; DUARTE Jorge &nbsp; GABIROT Jean-Louis &nbsp; GUEGAN Marrie Gabrielle HUREL Marie KARL Marianne LACROIX V\u00e9ronique &nbsp; LORTEAU S\u00e9verine S\u00e9verine Lorteau &#8211; Sculpture Libre (free.fr) PIERRE LOTI VIAUD Jocelyne http:\/\/lotijocelynesculptire.jimdo.com PROVOST R\u00e9mi &nbsp; TUBIANA Danielle &nbsp; ACCUEIL | nanou art<\/p>\n","protected":false},"author":2,"featured_media":0,"parent":0,"menu_order":0,"comment_status":"closed","ping_status":"closed","template":"","meta":{"footnotes":""},"class_list":["post-798","page","type-page","status-publish","hentry"],"_links":{"self":[{"href":"https:\/\/www.aab-bry94.com\/index.php\/wp-json\/wp\/v2\/pages\/798","targetHints":{"allow":["GET"]}}],"collection":[{"href":"https:\/\/www.aab-bry94.com\/index.php\/wp-json\/wp\/v2\/pages"}],"about":[{"href":"https:\/\/www.aab-bry94.com\/index.php\/wp-json\/wp\/v2\/types\/page"}],"author":[{"embeddable":true,"href":"https:\/\/www.aab-bry94.com\/index.php\/wp-json\/wp\/v2\/users\/2"}],"replies":[{"embeddable":true,"href":"https:\/\/www.aab-bry94.com\/index.php\/wp-json\/wp\/v2\/comments?post=798"}],"version-history":[{"count":18,"href":"https:\/\/www.aab-bry94.com\/index.php\/wp-json\/wp\/v2\/pages\/798\/revisions"}],"predecessor-version":[{"id":1825,"href":"https:\/\/www.aab-bry94.com\/index.php\/wp-json\/wp\/v2\/pages\/798\/revisions\/1825"}],"wp:attachment":[{"href":"https:\/\/www.aab-bry94.com\/index.php\/wp-json\/wp\/v2\/media?parent=798"}],"curies":[{"name":"wp","href":"https:\/\/api.w.org\/{rel}","templated":true}]}}